{"id":2477,"date":"2021-03-22T14:13:57","date_gmt":"2021-03-22T13:13:57","guid":{"rendered":"https:\/\/feo-elektronik.de\/?page_id=2477"},"modified":"2025-09-09T10:14:03","modified_gmt":"2025-09-09T08:14:03","slug":"imprint","status":"publish","type":"page","link":"https:\/\/feo-elektronik.de\/en\/imprint\/","title":{"rendered":"Imprint"},"content":{"rendered":"\n<div class=\"wp-block-group alignfull\"><div class=\"wp-block-group__inner-container is-layout-flow wp-block-group-is-layout-flow\">\n<h1 class=\"wp-block-heading has-brand-1-color has-text-color\">Imprint<\/h1>\n\n\n\n<p>Feo Elektronik GmbH<br>Zwergerstra\u00dfe 15<br>88214 Ravensburg<br>Tel. +49 751 295 105-20<br>Fax +49 751 295 105-90<\/p>\n\n\n\n<p><strong>Gesch\u00e4ftsf\u00fchrung:<\/strong> Dipl. Ing. David Clus<\/p>\n\n\n\n<p><strong>Registergericht:<\/strong> Amtsgericht Ulm, HRB 551644<br><strong>Ust-Id-Nr.:<\/strong> DE 174353404<br><strong>Verantwortlich f\u00fcr den Inhalt:<\/strong> David Clus<br><strong>Gestaltung, technische Umsetzung:<\/strong> Design: <a href=\"http:\/\/www.markuskorth.com\" target=\"_blank\" rel=\"noreferrer noopener\">Korth Designb\u00fcro<\/a><a data-type=\"URL\" data-id=\"http:\/\/www.go-sons.de\/\" href=\"http:\/\/www.go-sons.de\/\" target=\"_blank\" rel=\"noreferrer noopener\">,<\/a> Programmierung: <a href=\"https:\/\/bitpunk.de\/\" target=\"_blank\" rel=\"noreferrer noopener\">bitpunk.de<\/a><\/p>\n\n\n\n<p><strong>dsg Datenschutz GmbH<\/strong><br><strong>Tobias Marx<\/strong><br><strong>Zeppelinstra\u00dfe 9<\/strong><br><strong>89231 Neu-Ulm<\/strong><br><strong>E-Mail: <a href=\"mailto:datenschutz@dsg-ulm.de\">datenschutz@dsg-ulm.de<\/a><\/strong><\/p>\n\n\n\n<p>Trotz sorgf\u00e4ltiger inhaltlicher Kontrolle \u00fcbernehmen wir keine Haftung f\u00fcr die Inhalte externer Links.<\/p>\n\n\n\n<p>Unerlaubtes verwenden von Bildern, Texten oder Dokumenten dieser Website ist nicht gestattet, das Copyright tr\u00e4gt die Feo Elektronik GmbH.<\/p>\n<\/div><\/div>\n\n\n\n<div style=\"height:100px\" aria-hidden=\"true\" class=\"wp-block-spacer\"><\/div>\n","protected":false},"excerpt":{"rendered":"<p>Imprint Feo Elektronik GmbHZwergerstra\u00dfe 1588214 RavensburgTel. +49 751 295 105-20Fax +49 751 295 105-90 Gesch\u00e4ftsf\u00fchrung: Dipl. Ing. David Clus Registergericht: Amtsgericht Ulm, HRB 551644Ust-Id-Nr.: DE 174353404Verantwortlich f\u00fcr den Inhalt: David ClusGestaltung, technische Umsetzung: Design: Korth Designb\u00fcro, Programmierung: bitpunk.de dsg Datenschutz GmbHTobias MarxZeppelinstra\u00dfe 989231 Neu-UlmE-Mail: datenschutz@dsg-ulm.de Trotz sorgf\u00e4ltiger inhaltlicher Kontrolle \u00fcbernehmen wir keine Haftung f\u00fcr die [&hellip;]<\/p>\n","protected":false},"author":1,"featured_media":0,"parent":0,"menu_order":0,"comment_status":"closed","ping_status":"closed","template":"","meta":{"_acf_changed":false,"inline_featured_image":false,"footnotes":""},"class_list":["post-2477","page","type-page","status-publish","hentry"],"acf":[],"yoast_head":"<!-- This site is optimized with the Yoast SEO plugin v27.4 - https:\/\/yoast.com\/product\/yoast-seo-wordpress\/ -->\n<title>Imprint - Feo Elektronik<\/title>\n<meta name=\"robots\" content=\"index, follow, max-snippet:-1, max-image-preview:large, max-video-preview:-1\" \/>\n<link rel=\"canonical\" href=\"https:\/\/feo-elektronik.de\/en\/imprint\/\" \/>\n<meta property=\"og:locale\" content=\"en_US\" \/>\n<meta property=\"og:type\" content=\"article\" \/>\n<meta property=\"og:title\" content=\"Imprint - Feo Elektronik\" \/>\n<meta property=\"og:description\" content=\"Imprint Feo Elektronik GmbHZwergerstra\u00dfe 1588214 RavensburgTel. +49 751 295 105-20Fax +49 751 295 105-90 Gesch\u00e4ftsf\u00fchrung: Dipl. Ing. David Clus Registergericht: Amtsgericht Ulm, HRB 551644Ust-Id-Nr.: DE 174353404Verantwortlich f\u00fcr den Inhalt: David ClusGestaltung, technische Umsetzung: Design: Korth Designb\u00fcro, Programmierung: bitpunk.de dsg Datenschutz GmbHTobias MarxZeppelinstra\u00dfe 989231 Neu-UlmE-Mail: datenschutz@dsg-ulm.de Trotz sorgf\u00e4ltiger inhaltlicher Kontrolle \u00fcbernehmen wir keine Haftung f\u00fcr die [&hellip;]\" \/>\n<meta property=\"og:url\" content=\"https:\/\/feo-elektronik.de\/en\/imprint\/\" \/>\n<meta property=\"og:site_name\" content=\"Feo Elektronik\" \/>\n<meta property=\"article:modified_time\" content=\"2025-09-09T08:14:03+00:00\" \/>\n<meta name=\"twitter:card\" content=\"summary_large_image\" \/>\n<script type=\"application\/ld+json\" class=\"yoast-schema-graph\">{\"@context\":\"https:\\\/\\\/schema.org\",\"@graph\":[{\"@type\":\"WebPage\",\"@id\":\"https:\\\/\\\/feo-elektronik.de\\\/en\\\/imprint\\\/\",\"url\":\"https:\\\/\\\/feo-elektronik.de\\\/en\\\/imprint\\\/\",\"name\":\"Imprint - Feo Elektronik\",\"isPartOf\":{\"@id\":\"https:\\\/\\\/feo-elektronik.de\\\/en\\\/#website\"},\"datePublished\":\"2021-03-22T13:13:57+00:00\",\"dateModified\":\"2025-09-09T08:14:03+00:00\",\"breadcrumb\":{\"@id\":\"https:\\\/\\\/feo-elektronik.de\\\/en\\\/imprint\\\/#breadcrumb\"},\"inLanguage\":\"en-US\",\"potentialAction\":[{\"@type\":\"ReadAction\",\"target\":[\"https:\\\/\\\/feo-elektronik.de\\\/en\\\/imprint\\\/\"]}]},{\"@type\":\"BreadcrumbList\",\"@id\":\"https:\\\/\\\/feo-elektronik.de\\\/en\\\/imprint\\\/#breadcrumb\",\"itemListElement\":[{\"@type\":\"ListItem\",\"position\":1,\"name\":\"Startseite\",\"item\":\"https:\\\/\\\/feo-elektronik.de\\\/en\\\/\"},{\"@type\":\"ListItem\",\"position\":2,\"name\":\"Imprint\"}]},{\"@type\":\"WebSite\",\"@id\":\"https:\\\/\\\/feo-elektronik.de\\\/en\\\/#website\",\"url\":\"https:\\\/\\\/feo-elektronik.de\\\/en\\\/\",\"name\":\"Feo Elektronik\",\"description\":\"\",\"publisher\":{\"@id\":\"https:\\\/\\\/feo-elektronik.de\\\/en\\\/#organization\"},\"potentialAction\":[{\"@type\":\"SearchAction\",\"target\":{\"@type\":\"EntryPoint\",\"urlTemplate\":\"https:\\\/\\\/feo-elektronik.de\\\/en\\\/?s={search_term_string}\"},\"query-input\":{\"@type\":\"PropertyValueSpecification\",\"valueRequired\":true,\"valueName\":\"search_term_string\"}}],\"inLanguage\":\"en-US\"},{\"@type\":\"Organization\",\"@id\":\"https:\\\/\\\/feo-elektronik.de\\\/en\\\/#organization\",\"name\":\"FEO Elektronik\",\"url\":\"https:\\\/\\\/feo-elektronik.de\\\/en\\\/\",\"logo\":{\"@type\":\"ImageObject\",\"inLanguage\":\"en-US\",\"@id\":\"https:\\\/\\\/feo-elektronik.de\\\/en\\\/#\\\/schema\\\/logo\\\/image\\\/\",\"url\":\"https:\\\/\\\/feo-elektronik.de\\\/wp-content\\\/uploads\\\/2020\\\/11\\\/FEO-Logo.svg\",\"contentUrl\":\"https:\\\/\\\/feo-elektronik.de\\\/wp-content\\\/uploads\\\/2020\\\/11\\\/FEO-Logo.svg\",\"width\":133,\"height\":70,\"caption\":\"FEO Elektronik\"},\"image\":{\"@id\":\"https:\\\/\\\/feo-elektronik.de\\\/en\\\/#\\\/schema\\\/logo\\\/image\\\/\"}}]}<\/script>\n<!-- \/ Yoast SEO plugin. -->","yoast_head_json":{"title":"Imprint - Feo Elektronik","robots":{"index":"index","follow":"follow","max-snippet":"max-snippet:-1","max-image-preview":"max-image-preview:large","max-video-preview":"max-video-preview:-1"},"canonical":"https:\/\/feo-elektronik.de\/en\/imprint\/","og_locale":"en_US","og_type":"article","og_title":"Imprint - Feo Elektronik","og_description":"Imprint Feo Elektronik GmbHZwergerstra\u00dfe 1588214 RavensburgTel. +49 751 295 105-20Fax +49 751 295 105-90 Gesch\u00e4ftsf\u00fchrung: Dipl. Ing. David Clus Registergericht: Amtsgericht Ulm, HRB 551644Ust-Id-Nr.: DE 174353404Verantwortlich f\u00fcr den Inhalt: David ClusGestaltung, technische Umsetzung: Design: Korth Designb\u00fcro, Programmierung: bitpunk.de dsg Datenschutz GmbHTobias MarxZeppelinstra\u00dfe 989231 Neu-UlmE-Mail: datenschutz@dsg-ulm.de Trotz sorgf\u00e4ltiger inhaltlicher Kontrolle \u00fcbernehmen wir keine Haftung f\u00fcr die [&hellip;]","og_url":"https:\/\/feo-elektronik.de\/en\/imprint\/","og_site_name":"Feo Elektronik","article_modified_time":"2025-09-09T08:14:03+00:00","twitter_card":"summary_large_image","schema":{"@context":"https:\/\/schema.org","@graph":[{"@type":"WebPage","@id":"https:\/\/feo-elektronik.de\/en\/imprint\/","url":"https:\/\/feo-elektronik.de\/en\/imprint\/","name":"Imprint - Feo Elektronik","isPartOf":{"@id":"https:\/\/feo-elektronik.de\/en\/#website"},"datePublished":"2021-03-22T13:13:57+00:00","dateModified":"2025-09-09T08:14:03+00:00","breadcrumb":{"@id":"https:\/\/feo-elektronik.de\/en\/imprint\/#breadcrumb"},"inLanguage":"en-US","potentialAction":[{"@type":"ReadAction","target":["https:\/\/feo-elektronik.de\/en\/imprint\/"]}]},{"@type":"BreadcrumbList","@id":"https:\/\/feo-elektronik.de\/en\/imprint\/#breadcrumb","itemListElement":[{"@type":"ListItem","position":1,"name":"Startseite","item":"https:\/\/feo-elektronik.de\/en\/"},{"@type":"ListItem","position":2,"name":"Imprint"}]},{"@type":"WebSite","@id":"https:\/\/feo-elektronik.de\/en\/#website","url":"https:\/\/feo-elektronik.de\/en\/","name":"Feo Elektronik","description":"","publisher":{"@id":"https:\/\/feo-elektronik.de\/en\/#organization"},"potentialAction":[{"@type":"SearchAction","target":{"@type":"EntryPoint","urlTemplate":"https:\/\/feo-elektronik.de\/en\/?s={search_term_string}"},"query-input":{"@type":"PropertyValueSpecification","valueRequired":true,"valueName":"search_term_string"}}],"inLanguage":"en-US"},{"@type":"Organization","@id":"https:\/\/feo-elektronik.de\/en\/#organization","name":"FEO Elektronik","url":"https:\/\/feo-elektronik.de\/en\/","logo":{"@type":"ImageObject","inLanguage":"en-US","@id":"https:\/\/feo-elektronik.de\/en\/#\/schema\/logo\/image\/","url":"https:\/\/feo-elektronik.de\/wp-content\/uploads\/2020\/11\/FEO-Logo.svg","contentUrl":"https:\/\/feo-elektronik.de\/wp-content\/uploads\/2020\/11\/FEO-Logo.svg","width":133,"height":70,"caption":"FEO Elektronik"},"image":{"@id":"https:\/\/feo-elektronik.de\/en\/#\/schema\/logo\/image\/"}}]}},"_links":{"self":[{"href":"https:\/\/feo-elektronik.de\/en\/wp-json\/wp\/v2\/pages\/2477","targetHints":{"allow":["GET"]}}],"collection":[{"href":"https:\/\/feo-elektronik.de\/en\/wp-json\/wp\/v2\/pages"}],"about":[{"href":"https:\/\/feo-elektronik.de\/en\/wp-json\/wp\/v2\/types\/page"}],"author":[{"embeddable":true,"href":"https:\/\/feo-elektronik.de\/en\/wp-json\/wp\/v2\/users\/1"}],"replies":[{"embeddable":true,"href":"https:\/\/feo-elektronik.de\/en\/wp-json\/wp\/v2\/comments?post=2477"}],"version-history":[{"count":3,"href":"https:\/\/feo-elektronik.de\/en\/wp-json\/wp\/v2\/pages\/2477\/revisions"}],"predecessor-version":[{"id":4033,"href":"https:\/\/feo-elektronik.de\/en\/wp-json\/wp\/v2\/pages\/2477\/revisions\/4033"}],"wp:attachment":[{"href":"https:\/\/feo-elektronik.de\/en\/wp-json\/wp\/v2\/media?parent=2477"}],"curies":[{"name":"wp","href":"https:\/\/api.w.org\/{rel}","templated":true}]}}